{"id":130,"date":"2025-04-10T15:34:49","date_gmt":"2025-04-10T13:34:49","guid":{"rendered":"https:\/\/blamark.com\/palauet\/?page_id=130"},"modified":"2025-04-10T21:08:13","modified_gmt":"2025-04-10T19:08:13","slug":"servicios","status":"publish","type":"page","link":"https:\/\/blamark.com\/palauet\/servicios\/","title":{"rendered":"Servicios"},"content":{"rendered":"\n<div class=\"wp-block-cover alignfull arriba\" style=\"min-height:736px;aspect-ratio:unset;\"><span aria-hidden=\"true\" class=\"wp-block-cover__background has-theme-palette-3-background-color has-background-dim-30 has-background-dim\"><\/span><img loading=\"lazy\" decoding=\"async\" width=\"2000\" height=\"1333\" class=\"wp-block-cover__image-background wp-image-131\" alt=\"\" src=\"https:\/\/blamark.com\/palauet\/wp-content\/uploads\/2025\/04\/sillas.jpg\" data-object-fit=\"cover\" srcset=\"https:\/\/blamark.com\/palauet\/wp-content\/uploads\/2025\/04\/sillas.jpg 2000w, https:\/\/blamark.com\/palauet\/wp-content\/uploads\/2025\/04\/sillas-600x400.jpg 600w, https:\/\/blamark.com\/palauet\/wp-content\/uploads\/2025\/04\/sillas-300x200.jpg 300w, https:\/\/blamark.com\/palauet\/wp-content\/uploads\/2025\/04\/sillas-1024x682.jpg 1024w, https:\/\/blamark.com\/palauet\/wp-content\/uploads\/2025\/04\/sillas-768x512.jpg 768w, https:\/\/blamark.com\/palauet\/wp-content\/uploads\/2025\/04\/sillas-1536x1024.jpg 1536w\" sizes=\"auto, (max-width: 2000px) 100vw, 2000px\" \/><div class=\"wp-block-cover__inner-container is-layout-constrained wp-block-cover-is-layout-constrained\">\n<p class=\"has-text-align-center has-theme-palette-9-color has-text-color has-link-color has-large-font-size wp-elements-53eb6e1afbd93f27ec4b6ee7032a165d\">SERVICIOS<\/p>\n<\/div><\/div>\n\n\n\n<div class=\"wp-block-buttons botones is-content-justification-center is-layout-flex wp-container-core-buttons-is-layout-1 wp-block-buttons-is-layout-flex\">\n<div class=\"wp-block-button has-custom-font-size has-small-font-size\"><a class=\"wp-block-button__link has-theme-palette-3-color has-theme-palette-9-background-color has-text-color has-background has-link-color wp-element-button\" href=\"https:\/\/blamark.com\/palauet\/reservas\/\">HAZ AHORA TU RESERVA<\/a><\/div>\n\n\n\n<div class=\"wp-block-button has-custom-font-size has-small-font-size\"><a class=\"wp-block-button__link wp-element-button\" href=\"https:\/\/blamark.com\/palauet\/reservas\/\">COMPRUEBA DISPONIBILIDAD<\/a><\/div>\n<\/div>\n\n\n\n<div class=\"wp-block-cover aligncenter has-theme-palette-3-color has-text-color has-link-color wp-elements-17142c7f6ea84f985e41eed2f5dd87ea\" style=\"padding-top:var(--wp--preset--spacing--80);padding-bottom:var(--wp--preset--spacing--80)\"><span aria-hidden=\"true\" class=\"wp-block-cover__background has-theme-palette-9-background-color has-background-dim-100 has-background-dim\"><\/span><div class=\"wp-block-cover__inner-container is-layout-constrained wp-block-cover-is-layout-constrained\">\n<div class=\"wp-block-columns columnas is-layout-flex wp-container-core-columns-is-layout-1 wp-block-columns-is-layout-flex\">\n<div class=\"wp-block-column is-layout-flow wp-block-column-is-layout-flow\">\n<figure class=\"wp-block-image size-large\"><img loading=\"lazy\" decoding=\"async\" width=\"1024\" height=\"682\" src=\"https:\/\/blamark.com\/palauet\/wp-content\/uploads\/2025\/04\/esmorzars2-1024x682.jpg\" alt=\"\" class=\"wp-image-140\" srcset=\"https:\/\/blamark.com\/palauet\/wp-content\/uploads\/2025\/04\/esmorzars2-1024x682.jpg 1024w, https:\/\/blamark.com\/palauet\/wp-content\/uploads\/2025\/04\/esmorzars2-600x400.jpg 600w, https:\/\/blamark.com\/palauet\/wp-content\/uploads\/2025\/04\/esmorzars2-300x200.jpg 300w, https:\/\/blamark.com\/palauet\/wp-content\/uploads\/2025\/04\/esmorzars2-768x512.jpg 768w, https:\/\/blamark.com\/palauet\/wp-content\/uploads\/2025\/04\/esmorzars2-1536x1024.jpg 1536w, https:\/\/blamark.com\/palauet\/wp-content\/uploads\/2025\/04\/esmorzars2.jpg 2000w\" sizes=\"auto, (max-width: 1024px) 100vw, 1024px\" \/><\/figure>\n\n\n\n<h3 class=\"wp-block-heading has-text-align-center\">CARTA DE ALMUERZOS<\/h3>\n\n\n\n<p class=\"has-text-align-center estilo\">Elecci\u00f3n de almuerzos para innovar y sorprender: caseros, vegetarianos, saludables, con productos locales y artesanales para disfrutar de los sabores del Priorat.<\/p>\n<\/div>\n\n\n\n<div class=\"wp-block-column is-layout-flow wp-block-column-is-layout-flow\">\n<figure class=\"wp-block-image size-large\"><img loading=\"lazy\" decoding=\"async\" width=\"1024\" height=\"683\" src=\"https:\/\/blamark.com\/palauet\/wp-content\/uploads\/2025\/04\/IMG_8292-1024x683.jpg\" alt=\"\" class=\"wp-image-139\" srcset=\"https:\/\/blamark.com\/palauet\/wp-content\/uploads\/2025\/04\/IMG_8292-1024x683.jpg 1024w, https:\/\/blamark.com\/palauet\/wp-content\/uploads\/2025\/04\/IMG_8292-600x400.jpg 600w, https:\/\/blamark.com\/palauet\/wp-content\/uploads\/2025\/04\/IMG_8292-300x200.jpg 300w, https:\/\/blamark.com\/palauet\/wp-content\/uploads\/2025\/04\/IMG_8292-768x512.jpg 768w, https:\/\/blamark.com\/palauet\/wp-content\/uploads\/2025\/04\/IMG_8292.jpg 1500w\" sizes=\"auto, (max-width: 1024px) 100vw, 1024px\" \/><\/figure>\n\n\n\n<h3 class=\"wp-block-heading has-text-align-center\">MULTIDISCIPLINAR<\/h3>\n\n\n\n<p class=\"has-text-align-center estilo\">Disponemos de diferentes espacios para la organizaci\u00f3n de eventos de empresa, celebraciones familiares y presentaciones de producto. Descubre la versatilidad de una casa hist\u00f3rica en el Priorat.<\/p>\n<\/div>\n\n\n\n<div class=\"wp-block-column is-layout-flow wp-block-column-is-layout-flow\">\n<figure class=\"wp-block-image size-large\"><img loading=\"lazy\" decoding=\"async\" width=\"1024\" height=\"683\" src=\"https:\/\/blamark.com\/palauet\/wp-content\/uploads\/2025\/04\/IMG_8366-1024x683.jpg\" alt=\"\" class=\"wp-image-138\" srcset=\"https:\/\/blamark.com\/palauet\/wp-content\/uploads\/2025\/04\/IMG_8366-1024x683.jpg 1024w, https:\/\/blamark.com\/palauet\/wp-content\/uploads\/2025\/04\/IMG_8366-600x400.jpg 600w, https:\/\/blamark.com\/palauet\/wp-content\/uploads\/2025\/04\/IMG_8366-300x200.jpg 300w, https:\/\/blamark.com\/palauet\/wp-content\/uploads\/2025\/04\/IMG_8366-768x512.jpg 768w, https:\/\/blamark.com\/palauet\/wp-content\/uploads\/2025\/04\/IMG_8366.jpg 1500w\" sizes=\"auto, (max-width: 1024px) 100vw, 1024px\" \/><\/figure>\n\n\n\n<h3 class=\"wp-block-heading has-text-align-center\">PUNTO DE INFORMACI\u00d3N TUR\u00cdSTICA<\/h3>\n\n\n\n<p class=\"has-text-align-center estilo\">Descubre el Montsant de nuestra mano. D\u00e9jate seducir por la tierra, entorno y aire del Montsant.<\/p>\n<\/div>\n<\/div>\n\n\n\n<div class=\"wp-block-columns columnas is-layout-flex wp-container-core-columns-is-layout-2 wp-block-columns-is-layout-flex\">\n<div class=\"wp-block-column is-layout-flow wp-block-column-is-layout-flow\">\n<figure class=\"wp-block-image size-large\"><img loading=\"lazy\" decoding=\"async\" width=\"1024\" height=\"682\" src=\"https:\/\/blamark.com\/palauet\/wp-content\/uploads\/2025\/04\/SERVICIO-1024x682.jpg\" alt=\"\" class=\"wp-image-137\" srcset=\"https:\/\/blamark.com\/palauet\/wp-content\/uploads\/2025\/04\/SERVICIO-1024x682.jpg 1024w, https:\/\/blamark.com\/palauet\/wp-content\/uploads\/2025\/04\/SERVICIO-600x400.jpg 600w, https:\/\/blamark.com\/palauet\/wp-content\/uploads\/2025\/04\/SERVICIO-300x200.jpg 300w, https:\/\/blamark.com\/palauet\/wp-content\/uploads\/2025\/04\/SERVICIO-768x512.jpg 768w, https:\/\/blamark.com\/palauet\/wp-content\/uploads\/2025\/04\/SERVICIO-1536x1024.jpg 1536w, https:\/\/blamark.com\/palauet\/wp-content\/uploads\/2025\/04\/SERVICIO.jpg 2000w\" sizes=\"auto, (max-width: 1024px) 100vw, 1024px\" \/><\/figure>\n\n\n\n<h3 class=\"wp-block-heading has-text-align-center\">SERVICIO DE HABITACIONES<\/h3>\n\n\n\n<p class=\"has-text-align-center estilo\">Desde el Palauet del Priorat queremos mimar cada detalle, por eso nos preocupamos por tu bienestar respetando tu intimidad y ofreci\u00e9ndote nuestro servicio de habitaciones con peticiones especiales. Disfruta del desayuno, un buen vino o cava en tu espacio mas \u00edntimo, solamente tienes que desearlo.<\/p>\n<\/div>\n\n\n\n<div class=\"wp-block-column is-layout-flow wp-block-column-is-layout-flow\">\n<figure class=\"wp-block-image size-large\"><img loading=\"lazy\" decoding=\"async\" width=\"1024\" height=\"682\" src=\"https:\/\/blamark.com\/palauet\/wp-content\/uploads\/2025\/04\/pet-frendly-1024x682.jpg\" alt=\"\" class=\"wp-image-136\" srcset=\"https:\/\/blamark.com\/palauet\/wp-content\/uploads\/2025\/04\/pet-frendly-1024x682.jpg 1024w, https:\/\/blamark.com\/palauet\/wp-content\/uploads\/2025\/04\/pet-frendly-600x400.jpg 600w, https:\/\/blamark.com\/palauet\/wp-content\/uploads\/2025\/04\/pet-frendly-300x200.jpg 300w, https:\/\/blamark.com\/palauet\/wp-content\/uploads\/2025\/04\/pet-frendly-768x512.jpg 768w, https:\/\/blamark.com\/palauet\/wp-content\/uploads\/2025\/04\/pet-frendly-1536x1024.jpg 1536w, https:\/\/blamark.com\/palauet\/wp-content\/uploads\/2025\/04\/pet-frendly.jpg 2000w\" sizes=\"auto, (max-width: 1024px) 100vw, 1024px\" \/><\/figure>\n\n\n\n<h3 class=\"wp-block-heading has-text-align-center\">PET FRIENDLY<\/h3>\n\n\n\n<p class=\"has-text-align-center estilo has-theme-palette-3-color has-text-color has-link-color wp-elements-b199372e475cdeb1dc2445e80ac5fd8f\">Porque sabemos que tu mascota es lo m\u00e1s importante, te ofrecemos la posibilidad que tu animal disfrute de las vacaciones contigo en un para\u00edso natural c\u00f3mo es el Montsant. * Consultar servicio.<\/p>\n<\/div>\n\n\n\n<div class=\"wp-block-column is-layout-flow wp-block-column-is-layout-flow\">\n<figure class=\"wp-block-image size-large\"><img loading=\"lazy\" decoding=\"async\" width=\"1024\" height=\"683\" src=\"https:\/\/blamark.com\/palauet\/wp-content\/uploads\/2025\/04\/km0-1024x683.jpg\" alt=\"\" class=\"wp-image-135\" srcset=\"https:\/\/blamark.com\/palauet\/wp-content\/uploads\/2025\/04\/km0-1024x683.jpg 1024w, https:\/\/blamark.com\/palauet\/wp-content\/uploads\/2025\/04\/km0-scaled-600x400.jpg 600w, https:\/\/blamark.com\/palauet\/wp-content\/uploads\/2025\/04\/km0-300x200.jpg 300w, https:\/\/blamark.com\/palauet\/wp-content\/uploads\/2025\/04\/km0-768x512.jpg 768w, https:\/\/blamark.com\/palauet\/wp-content\/uploads\/2025\/04\/km0-1536x1024.jpg 1536w, https:\/\/blamark.com\/palauet\/wp-content\/uploads\/2025\/04\/km0-2048x1365.jpg 2048w\" sizes=\"auto, (max-width: 1024px) 100vw, 1024px\" \/><\/figure>\n\n\n\n<h3 class=\"wp-block-heading has-text-align-center\">GOURMET Y KM0<\/h3>\n\n\n\n<p class=\"has-text-align-center estilo\">El Palauet del Priorat pone a disposici\u00f3n de sus clientes productos de km 0, vinos y otros productos artesanales para que te lleves los sabores de la tierra a tu propia casa.<\/p>\n<\/div>\n<\/div>\n\n\n\n<p class=\"has-text-align-center has-large-font-size\"><\/p>\n<\/div><\/div>\n","protected":false},"excerpt":{"rendered":"","protected":false},"author":1,"featured_media":0,"parent":0,"menu_order":0,"comment_status":"closed","ping_status":"closed","template":"","meta":{"_kad_post_transparent":"","_kad_post_title":"","_kad_post_layout":"","_kad_post_sidebar_id":"","_kad_post_content_style":"","_kad_post_vertical_padding":"","_kad_post_feature":"","_kad_post_feature_position":"","_kad_post_header":false,"_kad_post_footer":false,"footnotes":""},"class_list":["post-130","page","type-page","status-publish","hentry"],"_links":{"self":[{"href":"https:\/\/blamark.com\/palauet\/wp-json\/wp\/v2\/pages\/130","targetHints":{"allow":["GET"]}}],"collection":[{"href":"https:\/\/blamark.com\/palauet\/wp-json\/wp\/v2\/pages"}],"about":[{"href":"https:\/\/blamark.com\/palauet\/wp-json\/wp\/v2\/types\/page"}],"author":[{"embeddable":true,"href":"https:\/\/blamark.com\/palauet\/wp-json\/wp\/v2\/users\/1"}],"replies":[{"embeddable":true,"href":"https:\/\/blamark.com\/palauet\/wp-json\/wp\/v2\/comments?post=130"}],"version-history":[{"count":7,"href":"https:\/\/blamark.com\/palauet\/wp-json\/wp\/v2\/pages\/130\/revisions"}],"predecessor-version":[{"id":421,"href":"https:\/\/blamark.com\/palauet\/wp-json\/wp\/v2\/pages\/130\/revisions\/421"}],"wp:attachment":[{"href":"https:\/\/blamark.com\/palauet\/wp-json\/wp\/v2\/media?parent=130"}],"curies":[{"name":"wp","href":"https:\/\/api.w.org\/{rel}","templated":true}]}}