{"id":165,"date":"2025-04-10T15:49:34","date_gmt":"2025-04-10T13:49:34","guid":{"rendered":"https:\/\/blamark.com\/palauet\/?page_id=165"},"modified":"2025-04-10T21:07:42","modified_gmt":"2025-04-10T19:07:42","slug":"contacto","status":"publish","type":"page","link":"https:\/\/blamark.com\/palauet\/contacto\/","title":{"rendered":"Contacto"},"content":{"rendered":"\n<div class=\"wp-block-cover alignfull arriba\" style=\"margin-top:0;margin-bottom:0;min-height:736px;aspect-ratio:unset;\"><span aria-hidden=\"true\" class=\"wp-block-cover__background has-theme-palette-3-background-color has-background-dim-30 has-background-dim\"><\/span><img loading=\"lazy\" decoding=\"async\" width=\"2000\" height=\"1333\" class=\"wp-block-cover__image-background wp-image-120\" alt=\"\" src=\"https:\/\/blamark.com\/palauet\/wp-content\/uploads\/2025\/04\/IMG_8096-copia-1.jpg\" data-object-fit=\"cover\" srcset=\"https:\/\/blamark.com\/palauet\/wp-content\/uploads\/2025\/04\/IMG_8096-copia-1.jpg 2000w, https:\/\/blamark.com\/palauet\/wp-content\/uploads\/2025\/04\/IMG_8096-copia-1-600x400.jpg 600w, https:\/\/blamark.com\/palauet\/wp-content\/uploads\/2025\/04\/IMG_8096-copia-1-300x200.jpg 300w, https:\/\/blamark.com\/palauet\/wp-content\/uploads\/2025\/04\/IMG_8096-copia-1-1024x682.jpg 1024w, https:\/\/blamark.com\/palauet\/wp-content\/uploads\/2025\/04\/IMG_8096-copia-1-768x512.jpg 768w, https:\/\/blamark.com\/palauet\/wp-content\/uploads\/2025\/04\/IMG_8096-copia-1-1536x1024.jpg 1536w\" sizes=\"auto, (max-width: 2000px) 100vw, 2000px\" \/><div class=\"wp-block-cover__inner-container is-layout-constrained wp-block-cover-is-layout-constrained\">\n<p class=\"has-text-align-center has-theme-palette-9-color has-text-color has-link-color has-large-font-size wp-elements-9d7f7e97fce21796ad7998240c39aae2\">CONTACTO<\/p>\n<\/div><\/div>\n\n\n\n<div class=\"wp-block-buttons botones is-content-justification-center is-layout-flex wp-container-core-buttons-is-layout-1 wp-block-buttons-is-layout-flex\">\n<div class=\"wp-block-button has-custom-font-size has-small-font-size\"><a class=\"wp-block-button__link has-theme-palette-3-color has-theme-palette-9-background-color has-text-color has-background has-link-color wp-element-button\" href=\"https:\/\/blamark.com\/palauet\/reservas\/\">HAZ AHORA TU RESERVA<\/a><\/div>\n\n\n\n<div class=\"wp-block-button has-custom-font-size has-small-font-size\"><a class=\"wp-block-button__link wp-element-button\" href=\"https:\/\/blamark.com\/palauet\/reservas\/\">COMPRUEBA DISPONIBILIDAD<\/a><\/div>\n<\/div>\n\n\n\n<div class=\"wp-block-media-text has-media-on-the-right is-stacked-on-mobile is-image-fill-element\" style=\"margin-top:0;margin-bottom:0;grid-template-columns:auto 60%\"><div class=\"wp-block-media-text__content\">\n<p><\/p>\n\n\n\n<h2 class=\"wp-block-heading has-text-align-center has-theme-palette-3-color has-text-color has-link-color has-larger-font-size wp-elements-20b00a16d6dd08a11eb9bc4315917d1d\">Contacta con nosotros<\/h2>\n\n\n\n<p class=\"has-text-align-center\">Vive la experiencia del secreto de la relajaci\u00f3n<\/p>\n\n\n\n<p class=\"has-text-align-center has-small-font-size\">\u260f <a href=\"tel:34670961464\">+34 670 961 464<\/a><br>\u2708 <em>Calle Eres 9, 43360, Cornudella de Montsant (Tarragona)<\/em><br>\u2713 <strong>Lun \u2013 Vie: 9.00 \u2013 17.00<\/strong><\/p>\n\n\n\n<div class=\"wp-block-contact-form-7-contact-form-selector\">\n<div class=\"wpcf7 no-js\" id=\"wpcf7-f196-o1\" lang=\"es-ES\" dir=\"ltr\" data-wpcf7-id=\"196\">\n<div class=\"screen-reader-response\"><p role=\"status\" aria-live=\"polite\" aria-atomic=\"true\"><\/p> <ul><\/ul><\/div>\n<form action=\"\/palauet\/wp-json\/wp\/v2\/pages\/165#wpcf7-f196-o1\" method=\"post\" class=\"wpcf7-form init\" aria-label=\"Formulario de contacto\" novalidate=\"novalidate\" data-status=\"init\">\n<fieldset class=\"hidden-fields-container\"><input type=\"hidden\" name=\"_wpcf7\" value=\"196\" \/><input type=\"hidden\" name=\"_wpcf7_version\" value=\"6.1.5\" \/><input type=\"hidden\" name=\"_wpcf7_locale\" value=\"es_ES\" \/><input type=\"hidden\" name=\"_wpcf7_unit_tag\" value=\"wpcf7-f196-o1\" \/><input type=\"hidden\" name=\"_wpcf7_container_post\" value=\"0\" \/><input type=\"hidden\" name=\"_wpcf7_posted_data_hash\" value=\"\" \/>\n<\/fieldset>\n<p><label><span class=\"wpcf7-form-control-wrap\" data-name=\"nombre\"><input size=\"40\" maxlength=\"400\" class=\"wpcf7-form-control wpcf7-text\" aria-invalid=\"false\" placeholder=\"Nombre\" value=\"\" type=\"text\" name=\"nombre\" \/><\/span><\/label>\n<\/p>\n<p><label><span class=\"wpcf7-form-control-wrap\" data-name=\"email-254\"><input size=\"40\" maxlength=\"400\" class=\"wpcf7-form-control wpcf7-email wpcf7-text wpcf7-validates-as-email\" aria-invalid=\"false\" placeholder=\"E-mail\" value=\"\" type=\"email\" name=\"email-254\" \/><\/span><\/label>\n<\/p>\n<p><label><span class=\"wpcf7-form-control-wrap\" data-name=\"tel-68\"><input size=\"40\" maxlength=\"400\" class=\"wpcf7-form-control wpcf7-tel wpcf7-text wpcf7-validates-as-tel\" aria-invalid=\"false\" placeholder=\"Tel\u00e9fono\" value=\"\" type=\"tel\" name=\"tel-68\" \/><\/span><\/label>\n<\/p>\n<p><label><span class=\"wpcf7-form-control-wrap\" data-name=\"textarea-716\"><textarea cols=\"40\" rows=\"10\" maxlength=\"2000\" class=\"wpcf7-form-control wpcf7-textarea\" aria-invalid=\"false\" placeholder=\"Mensaje\" name=\"textarea-716\"><\/textarea><\/span><\/label>\n<\/p>\n<p><input class=\"wpcf7-form-control wpcf7-submit has-spinner\" type=\"submit\" value=\"Enviar\" \/>\n<\/p><div class=\"wpcf7-response-output\" aria-hidden=\"true\"><\/div>\n<\/form>\n<\/div>\n<\/div>\n\n\n\n<p><\/p>\n<\/div><figure class=\"wp-block-media-text__media\"><img loading=\"lazy\" decoding=\"async\" width=\"1024\" height=\"683\" src=\"https:\/\/blamark.com\/palauet\/wp-content\/uploads\/2025\/04\/IMG_8292-1024x683.jpg\" alt=\"\" class=\"wp-image-139 size-full\" style=\"object-position:50% 50%\" srcset=\"https:\/\/blamark.com\/palauet\/wp-content\/uploads\/2025\/04\/IMG_8292-1024x683.jpg 1024w, https:\/\/blamark.com\/palauet\/wp-content\/uploads\/2025\/04\/IMG_8292-600x400.jpg 600w, https:\/\/blamark.com\/palauet\/wp-content\/uploads\/2025\/04\/IMG_8292-300x200.jpg 300w, https:\/\/blamark.com\/palauet\/wp-content\/uploads\/2025\/04\/IMG_8292-768x512.jpg 768w, https:\/\/blamark.com\/palauet\/wp-content\/uploads\/2025\/04\/IMG_8292.jpg 1500w\" sizes=\"auto, (max-width: 1024px) 100vw, 1024px\" \/><\/figure><\/div>\n\n\n\n<div class=\"wp-block-columns has-background is-layout-flex wp-container-core-columns-is-layout-1 wp-block-columns-is-layout-flex\" style=\"background-color:#b0af9d36;margin-top:0;margin-bottom:0;padding-top:var(--wp--preset--spacing--80);padding-bottom:var(--wp--preset--spacing--80)\">\n<div class=\"wp-block-column is-layout-flow wp-block-column-is-layout-flow\" style=\"padding-right:var(--wp--preset--spacing--40);padding-left:var(--wp--preset--spacing--40)\">\n<h3 class=\"wp-block-heading has-theme-palette-3-color has-text-color has-link-color wp-elements-ed35fa206dce3b049d83658f497d03a5\">El secreto de la exclusividad<\/h3>\n\n\n\n<p class=\"has-theme-palette-3-color has-text-color has-link-color wp-elements-de5619191e6a4e2830873b0cf8587c2f\">Paz, confort y armon\u00eda perfecta, el Palauet del Priorat, est\u00e1 situado en Cornudella de Montsant, rodeado de entornos y parajes id\u00edlicos a la comarca del Priorat a tan s\u00f3lo 40 km de Tarragona y 1h30 de Barcelona.<\/p>\n<\/div>\n\n\n\n<div class=\"wp-block-column is-layout-flow wp-block-column-is-layout-flow\" style=\"padding-right:var(--wp--preset--spacing--40);padding-left:var(--wp--preset--spacing--40)\">\n<h3 class=\"wp-block-heading has-theme-palette-3-color has-text-color has-link-color wp-elements-6fbc772f162241b5af73c3b31eccd758\">La mejor calidad<\/h3>\n\n\n\n<p class=\"has-theme-palette-3-color has-text-color has-link-color wp-elements-d81b64b1ae40126f8627588ba429f281\">Una mezcla de oasis, rinc\u00f3n de tranquilidad, ocio y turismo rural para t\u00fa, en una casa con m\u00e1s de tres siglos de esplendor. D\u00f3nde exclusivos dise\u00f1os de acabados nobles, maderas con exquisitas vetas y extraordinarios toques contempor\u00e1neos son una experiencia totalmente estimulante.<\/p>\n<\/div>\n<\/div>\n\n\n\n<iframe src=\"https:\/\/www.google.com\/maps\/embed?pb=!1m18!1m12!1m3!1d3170.865588726482!2d0.9035637118035954!3d41.26434987119611!2m3!1f0!2f0!3f0!3m2!1i1024!2i768!4f13.1!3m3!1m2!1s0x12a14aa77a483a97%3A0xbca3c898c7a1405e!2sEl%20Palauet%20del%20Priorat%20%7C%20Cornudella!5e1!3m2!1ses!2ses!4v1744305601995!5m2!1ses!2ses\" width=\"100%\" height=\"450\" style=\"border:0;\" allowfullscreen=\"\" loading=\"lazy\" referrerpolicy=\"no-referrer-when-downgrade\"><\/iframe>\n","protected":false},"excerpt":{"rendered":"<p>El secreto de la exclusividad Paz, confort y armon\u00eda perfecta, el Palauet del Priorat, est\u00e1 situado en Cornudella de Montsant, rodeado de entornos y parajes id\u00edlicos a la comarca del Priorat a tan s\u00f3lo 40 km de Tarragona y 1h30 de Barcelona. La mejor calidad Una mezcla de oasis, rinc\u00f3n de tranquilidad, ocio y turismo&#8230;<\/p>\n","protected":false},"author":1,"featured_media":0,"parent":0,"menu_order":0,"comment_status":"closed","ping_status":"closed","template":"","meta":{"_kad_post_transparent":"","_kad_post_title":"","_kad_post_layout":"","_kad_post_sidebar_id":"","_kad_post_content_style":"","_kad_post_vertical_padding":"","_kad_post_feature":"","_kad_post_feature_position":"","_kad_post_header":false,"_kad_post_footer":false,"footnotes":""},"class_list":["post-165","page","type-page","status-publish","hentry"],"_links":{"self":[{"href":"https:\/\/blamark.com\/palauet\/wp-json\/wp\/v2\/pages\/165","targetHints":{"allow":["GET"]}}],"collection":[{"href":"https:\/\/blamark.com\/palauet\/wp-json\/wp\/v2\/pages"}],"about":[{"href":"https:\/\/blamark.com\/palauet\/wp-json\/wp\/v2\/types\/page"}],"author":[{"embeddable":true,"href":"https:\/\/blamark.com\/palauet\/wp-json\/wp\/v2\/users\/1"}],"replies":[{"embeddable":true,"href":"https:\/\/blamark.com\/palauet\/wp-json\/wp\/v2\/comments?post=165"}],"version-history":[{"count":21,"href":"https:\/\/blamark.com\/palauet\/wp-json\/wp\/v2\/pages\/165\/revisions"}],"predecessor-version":[{"id":416,"href":"https:\/\/blamark.com\/palauet\/wp-json\/wp\/v2\/pages\/165\/revisions\/416"}],"wp:attachment":[{"href":"https:\/\/blamark.com\/palauet\/wp-json\/wp\/v2\/media?parent=165"}],"curies":[{"name":"wp","href":"https:\/\/api.w.org\/{rel}","templated":true}]}}