{"id":2,"date":"2025-04-10T13:44:02","date_gmt":"2025-04-10T11:44:02","guid":{"rendered":"https:\/\/blamark.com\/palauet\/?page_id=2"},"modified":"2025-06-02T17:04:36","modified_gmt":"2025-06-02T15:04:36","slug":"pagina-ejemplo","status":"publish","type":"page","link":"https:\/\/blamark.com\/palauet\/","title":{"rendered":"El Palauet del Priorat"},"content":{"rendered":"\n\n\n\n<div class=\"wp-block-buttons botones is-content-justification-center is-layout-flex wp-container-core-buttons-is-layout-1 wp-block-buttons-is-layout-flex\">\n<div class=\"wp-block-button has-custom-font-size has-small-font-size\"><a class=\"wp-block-button__link has-theme-palette-3-color has-theme-palette-9-background-color has-text-color has-background has-link-color wp-element-button\">HAZ AHORA TU RESERVA<\/a><\/div>\n\n\n\n<div class=\"wp-block-button has-custom-font-size has-small-font-size\"><a class=\"wp-block-button__link wp-element-button\">COMPRUEBA DISPONIBILIDAD<\/a><\/div>\n<\/div>\n\n\n\n<div class=\"wp-block-cover alignfull\"><span aria-hidden=\"true\" class=\"wp-block-cover__background has-theme-palette-9-background-color has-background-dim-100 has-background-dim\"><\/span><div class=\"wp-block-cover__inner-container is-layout-constrained wp-block-cover-is-layout-constrained\">\n<p class=\"has-text-align-center has-large-font-size\"><\/p>\n\n\n\n<div class=\"wp-block-media-text has-media-on-the-right is-stacked-on-mobile movido\" style=\"grid-template-columns:auto 60%\"><div class=\"wp-block-media-text__content\">\n<p><\/p>\n\n\n\n<h2 class=\"wp-block-heading has-theme-palette-3-color has-text-color has-link-color has-larger-font-size wp-elements-bbb874d101cd1473d2b930fe02167dc4\">Todo puede suceder, s\u00f3lo hace falta que lo desees<\/h2>\n\n\n\n<p class=\"has-theme-palette-5-color has-text-color has-link-color wp-elements-5fc1bd40b65463b5c63f8dfb3e134ae3\">Dormir en Cornudella de Montsant en un alojamiento con 7 Habitaciones, cada una con su encanto, ba\u00f1o incluido y dise\u00f1adas para ofrecer un ambiente \u00fanico. El Palauet del Priorat te espera en el coraz\u00f3n del Montsant. Un alojamiento con encanto y familiar que har\u00e1 que tu visita y estancia sea inolvidable.<\/p>\n\n\n\n<div class=\"wp-block-buttons is-layout-flex wp-block-buttons-is-layout-flex\">\n<div class=\"wp-block-button has-custom-font-size is-style-outline has-small-font-size is-style-outline--1\"><a class=\"wp-block-button__link has-theme-palette-3-color has-text-color has-link-color wp-element-button\" href=\"https:\/\/elpalauetdelpriorat.com\/nosotros\">DESC\u00daBRENOS<\/a><\/div>\n<\/div>\n\n\n\n<p><\/p>\n<\/div><figure class=\"wp-block-media-text__media\"><img loading=\"lazy\" decoding=\"async\" width=\"1024\" height=\"769\" src=\"https:\/\/blamark.com\/palauet\/wp-content\/uploads\/2025\/04\/epdp-1024x769.jpg\" alt=\"\" class=\"wp-image-44 size-full\" srcset=\"https:\/\/blamark.com\/palauet\/wp-content\/uploads\/2025\/04\/epdp-1024x769.jpg 1024w, https:\/\/blamark.com\/palauet\/wp-content\/uploads\/2025\/04\/epdp-600x451.jpg 600w, https:\/\/blamark.com\/palauet\/wp-content\/uploads\/2025\/04\/epdp-300x225.jpg 300w, https:\/\/blamark.com\/palauet\/wp-content\/uploads\/2025\/04\/epdp-768x577.jpg 768w, https:\/\/blamark.com\/palauet\/wp-content\/uploads\/2025\/04\/epdp.jpg 1440w\" sizes=\"auto, (max-width: 1024px) 100vw, 1024px\" \/><\/figure><\/div>\n<\/div><\/div>\n\n\n\n<div class=\"wp-block-cover alignfull\"><span aria-hidden=\"true\" class=\"wp-block-cover__background has-background-dim-0 has-background-dim\" style=\"background-color:#657880\"><\/span><img loading=\"lazy\" decoding=\"async\" width=\"1500\" height=\"844\" class=\"wp-block-cover__image-background wp-image-527\" alt=\"\" src=\"https:\/\/blamark.com\/palauet\/wp-content\/uploads\/2025\/06\/474007331_648573137499999_8425448507616124703_n.jpg\" data-object-fit=\"cover\" srcset=\"https:\/\/blamark.com\/palauet\/wp-content\/uploads\/2025\/06\/474007331_648573137499999_8425448507616124703_n.jpg 1500w, https:\/\/blamark.com\/palauet\/wp-content\/uploads\/2025\/06\/474007331_648573137499999_8425448507616124703_n-300x169.jpg 300w, https:\/\/blamark.com\/palauet\/wp-content\/uploads\/2025\/06\/474007331_648573137499999_8425448507616124703_n-1024x576.jpg 1024w, https:\/\/blamark.com\/palauet\/wp-content\/uploads\/2025\/06\/474007331_648573137499999_8425448507616124703_n-768x432.jpg 768w, https:\/\/blamark.com\/palauet\/wp-content\/uploads\/2025\/06\/474007331_648573137499999_8425448507616124703_n-600x338.jpg 600w\" sizes=\"auto, (max-width: 1500px) 100vw, 1500px\" \/><div class=\"wp-block-cover__inner-container is-layout-constrained wp-block-cover-is-layout-constrained\">\n<p class=\"has-text-align-center has-large-font-size\"><\/p>\n<\/div><\/div>\n\n\n\n<div class=\"wp-block-cover alignfull is-light\"><span aria-hidden=\"true\" class=\"wp-block-cover__background has-theme-palette-9-background-color has-background-dim\"><\/span><div class=\"wp-block-cover__inner-container is-layout-constrained wp-block-cover-is-layout-constrained\">\n<h2 class=\"wp-block-heading has-text-align-center has-theme-palette-4-color has-text-color has-link-color has-large-font-size wp-elements-7098719f74323878f3a79c07a01a86dc\">SERVICIOS<\/h2>\n\n\n\n<p class=\"has-text-align-center has-theme-palette-6-color has-text-color has-link-color has-small-font-size wp-elements-fa73601a8c1a4c18a3b1a5629f66ad28\">Descubre el Montsant paso a paso<\/p>\n\n\n<div class=\"wp-block-image\">\n<figure class=\"aligncenter size-full is-resized\"><img loading=\"lazy\" decoding=\"async\" width=\"526\" height=\"42\" src=\"https:\/\/blamark.com\/palauet\/wp-content\/uploads\/2025\/04\/Captura-de-pantalla-2025-04-10-a-las-15.04.58.png\" alt=\"\" class=\"wp-image-68\" style=\"width:258px;height:auto\" srcset=\"https:\/\/blamark.com\/palauet\/wp-content\/uploads\/2025\/04\/Captura-de-pantalla-2025-04-10-a-las-15.04.58.png 526w, https:\/\/blamark.com\/palauet\/wp-content\/uploads\/2025\/04\/Captura-de-pantalla-2025-04-10-a-las-15.04.58-300x24.png 300w\" sizes=\"auto, (max-width: 526px) 100vw, 526px\" \/><\/figure><\/div>\n\n\n<div class=\"wp-block-columns columnas is-layout-flex wp-container-core-columns-is-layout-1 wp-block-columns-is-layout-flex\">\n<div class=\"wp-block-column is-layout-flow wp-block-column-is-layout-flow\">\n<figure class=\"wp-block-image size-large\"><img loading=\"lazy\" decoding=\"async\" width=\"1024\" height=\"682\" src=\"https:\/\/blamark.com\/palauet\/wp-content\/uploads\/2025\/04\/habs-1024x682.jpg\" alt=\"\" class=\"wp-image-72\" style=\"aspect-ratio:4\/3;object-fit:cover\" srcset=\"https:\/\/blamark.com\/palauet\/wp-content\/uploads\/2025\/04\/habs-1024x682.jpg 1024w, https:\/\/blamark.com\/palauet\/wp-content\/uploads\/2025\/04\/habs-600x400.jpg 600w, https:\/\/blamark.com\/palauet\/wp-content\/uploads\/2025\/04\/habs-300x200.jpg 300w, https:\/\/blamark.com\/palauet\/wp-content\/uploads\/2025\/04\/habs-768x512.jpg 768w, https:\/\/blamark.com\/palauet\/wp-content\/uploads\/2025\/04\/habs-1536x1024.jpg 1536w, https:\/\/blamark.com\/palauet\/wp-content\/uploads\/2025\/04\/habs.jpg 2000w\" sizes=\"auto, (max-width: 1024px) 100vw, 1024px\" \/><\/figure>\n\n\n\n<h3 class=\"wp-block-heading has-text-align-center\">Habitaciones<\/h3>\n\n\n\n<p class=\"has-text-align-center\">5 suites y 2 habitaciones dobles con encanto y personalidad invitando a quien se aloja a vivir una experiencia plena en ambientes, serenos y armoniosos.<\/p>\n\n\n\n<p class=\"has-text-align-center estilo\"><a href=\"https:\/\/blamark.com\/palauet\/las-habitaciones\/\" data-type=\"page\" data-id=\"89\">LAS 7 MARAVILLAS<\/a><\/p>\n<\/div>\n\n\n\n<div class=\"wp-block-column is-layout-flow wp-block-column-is-layout-flow\">\n<figure class=\"wp-block-image size-large\"><img loading=\"lazy\" decoding=\"async\" width=\"1024\" height=\"767\" src=\"https:\/\/blamark.com\/palauet\/wp-content\/uploads\/2025\/04\/pack-desconnexio-foto-1024x767.jpg\" alt=\"\" class=\"wp-image-264\" style=\"aspect-ratio:4\/3;object-fit:cover\" srcset=\"https:\/\/blamark.com\/palauet\/wp-content\/uploads\/2025\/04\/pack-desconnexio-foto-1024x767.jpg 1024w, https:\/\/blamark.com\/palauet\/wp-content\/uploads\/2025\/04\/pack-desconnexio-foto-600x450.jpg 600w, https:\/\/blamark.com\/palauet\/wp-content\/uploads\/2025\/04\/pack-desconnexio-foto-300x225.jpg 300w, https:\/\/blamark.com\/palauet\/wp-content\/uploads\/2025\/04\/pack-desconnexio-foto-768x576.jpg 768w, https:\/\/blamark.com\/palauet\/wp-content\/uploads\/2025\/04\/pack-desconnexio-foto.jpg 1441w\" sizes=\"auto, (max-width: 1024px) 100vw, 1024px\" \/><\/figure>\n\n\n\n<h3 class=\"wp-block-heading has-text-align-center\">Experiencias<\/h3>\n\n\n\n<p class=\"has-text-align-center\">Todo puede suceder, s\u00f3lo hace falta que lo desees. Antic\u00edpate y contacta con nosotros en el momento de realizar la reserva. Organizamos tu estancia en una experiencia para despertar los SENTIDOS.<\/p>\n\n\n\n<p class=\"has-text-align-center estilo\"><a href=\"https:\/\/blamark.com\/palauet\/experiencias\/\" data-type=\"page\" data-id=\"147\">Programa tu experiencia<\/a><\/p>\n<\/div>\n\n\n\n<div class=\"wp-block-column is-layout-flow wp-block-column-is-layout-flow\">\n<figure class=\"wp-block-image size-large\"><img loading=\"lazy\" decoding=\"async\" width=\"1024\" height=\"683\" src=\"https:\/\/blamark.com\/palauet\/wp-content\/uploads\/2025\/04\/servicios2-1024x683.jpg\" alt=\"\" class=\"wp-image-70\" style=\"aspect-ratio:4\/3;object-fit:cover\" srcset=\"https:\/\/blamark.com\/palauet\/wp-content\/uploads\/2025\/04\/servicios2-1024x683.jpg 1024w, https:\/\/blamark.com\/palauet\/wp-content\/uploads\/2025\/04\/servicios2-600x400.jpg 600w, https:\/\/blamark.com\/palauet\/wp-content\/uploads\/2025\/04\/servicios2-300x200.jpg 300w, https:\/\/blamark.com\/palauet\/wp-content\/uploads\/2025\/04\/servicios2-768x512.jpg 768w, https:\/\/blamark.com\/palauet\/wp-content\/uploads\/2025\/04\/servicios2.jpg 1107w\" sizes=\"auto, (max-width: 1024px) 100vw, 1024px\" \/><\/figure>\n\n\n\n<h3 class=\"wp-block-heading has-text-align-center\">Servicios<\/h3>\n\n\n\n<p class=\"has-text-align-center\">Ven a descubrir todos los servicios que puedes disfrutar en el Palauet del Priorat.<\/p>\n\n\n\n<p class=\"has-text-align-center estilo\"><a href=\"https:\/\/blamark.com\/palauet\/servicios\/\" data-type=\"page\" data-id=\"130\">Ver m\u00e1s<\/a><\/p>\n<\/div>\n<\/div>\n\n\n\n<div class=\"wp-block-columns are-vertically-aligned-center is-layout-flex wp-container-core-columns-is-layout-2 wp-block-columns-is-layout-flex\" style=\"margin-top:var(--wp--preset--spacing--80);margin-bottom:var(--wp--preset--spacing--80)\">\n<div class=\"wp-block-column is-vertically-aligned-center is-layout-flow wp-block-column-is-layout-flow\" style=\"padding-right:var(--wp--preset--spacing--80);padding-left:var(--wp--preset--spacing--80)\">\n<h2 class=\"wp-block-heading has-xxlarge-font-size\">Un espacio exclusivo para ti te espera para seducirte<\/h2>\n<\/div>\n\n\n\n<div class=\"wp-block-column is-vertically-aligned-center is-layout-flow wp-block-column-is-layout-flow\">\n<p>Paz, confort y armon\u00eda perfecta, el Palauet del Priorat, es un alojamiento rural con encanto situado en Cornudella de Montsant, rodeado de entornos y parajes id\u00edlicos a la comarca del Priorat a tan s\u00f3lo 40 km de Tarragona y 1h30 de Barcelona.<\/p>\n<\/div>\n<\/div>\n<\/div><\/div>\n\n\n\n<div class=\"wp-block-cover alignfull\" style=\"min-height:634px;aspect-ratio:unset;\"><span aria-hidden=\"true\" class=\"wp-block-cover__background has-theme-palette-3-background-color has-background-dim-20 has-background-dim\"><\/span><img loading=\"lazy\" decoding=\"async\" width=\"2000\" height=\"1333\" class=\"wp-block-cover__image-background wp-image-86\" alt=\"\" src=\"https:\/\/blamark.com\/palauet\/wp-content\/uploads\/2025\/04\/gastro.jpg\" data-object-fit=\"cover\" srcset=\"https:\/\/blamark.com\/palauet\/wp-content\/uploads\/2025\/04\/gastro.jpg 2000w, https:\/\/blamark.com\/palauet\/wp-content\/uploads\/2025\/04\/gastro-600x400.jpg 600w, https:\/\/blamark.com\/palauet\/wp-content\/uploads\/2025\/04\/gastro-300x200.jpg 300w, https:\/\/blamark.com\/palauet\/wp-content\/uploads\/2025\/04\/gastro-1024x682.jpg 1024w, https:\/\/blamark.com\/palauet\/wp-content\/uploads\/2025\/04\/gastro-768x512.jpg 768w, https:\/\/blamark.com\/palauet\/wp-content\/uploads\/2025\/04\/gastro-1536x1024.jpg 1536w\" sizes=\"auto, (max-width: 2000px) 100vw, 2000px\" \/><div class=\"wp-block-cover__inner-container is-layout-constrained wp-block-cover-is-layout-constrained\">\n<h2 class=\"wp-block-heading has-text-align-center has-theme-palette-9-color has-text-color has-link-color has-large-font-size wp-elements-eba494d520e9804879b523014def761a\">Experiencias gastron\u00f3micas<\/h2>\n\n\n\n<p class=\"has-text-align-center has-theme-palette-9-color has-text-color has-link-color wp-elements-bf32c87f182de8445f9387fc37122859\">VEN A EXPERIMENTAR NUESTROS SECRETOS<\/p>\n<\/div><\/div>\n","protected":false},"excerpt":{"rendered":"","protected":false},"author":1,"featured_media":0,"parent":0,"menu_order":0,"comment_status":"closed","ping_status":"open","template":"","meta":{"_kad_post_transparent":"","_kad_post_title":"","_kad_post_layout":"","_kad_post_sidebar_id":"","_kad_post_content_style":"","_kad_post_vertical_padding":"","_kad_post_feature":"","_kad_post_feature_position":"","_kad_post_header":false,"_kad_post_footer":false,"footnotes":""},"class_list":["post-2","page","type-page","status-publish","hentry"],"_links":{"self":[{"href":"https:\/\/blamark.com\/palauet\/wp-json\/wp\/v2\/pages\/2","targetHints":{"allow":["GET"]}}],"collection":[{"href":"https:\/\/blamark.com\/palauet\/wp-json\/wp\/v2\/pages"}],"about":[{"href":"https:\/\/blamark.com\/palauet\/wp-json\/wp\/v2\/types\/page"}],"author":[{"embeddable":true,"href":"https:\/\/blamark.com\/palauet\/wp-json\/wp\/v2\/users\/1"}],"replies":[{"embeddable":true,"href":"https:\/\/blamark.com\/palauet\/wp-json\/wp\/v2\/comments?post=2"}],"version-history":[{"count":33,"href":"https:\/\/blamark.com\/palauet\/wp-json\/wp\/v2\/pages\/2\/revisions"}],"predecessor-version":[{"id":528,"href":"https:\/\/blamark.com\/palauet\/wp-json\/wp\/v2\/pages\/2\/revisions\/528"}],"wp:attachment":[{"href":"https:\/\/blamark.com\/palauet\/wp-json\/wp\/v2\/media?parent=2"}],"curies":[{"name":"wp","href":"https:\/\/api.w.org\/{rel}","templated":true}]}}