{"id":263,"date":"2025-04-10T16:15:13","date_gmt":"2025-04-10T14:15:13","guid":{"rendered":"https:\/\/blamark.com\/palauet\/?post_type=product&#038;p=263"},"modified":"2025-06-02T17:08:08","modified_gmt":"2025-06-02T15:08:08","slug":"pack-vinos-del-priorat","status":"publish","type":"product","link":"https:\/\/blamark.com\/palauet\/producto\/pack-vinos-del-priorat\/","title":{"rendered":"PACK VINOS DEL PRIORAT"},"content":{"rendered":"<p><strong>El precio incluye:<\/strong><\/p>\n<ul style=\"font-size: 10px;\">\n<li>Tasa tur\u00edstica e IVA 10%.<\/li>\n<li>Los destinatarios del cheque regalo son los que llamar\u00e1n para hacer reserva previa.<\/li>\n<li>Incluye atenci\u00f3n tur\u00edstica personalizada de los invitados para el aprovechamiento de la estancia.<\/li>\n<li>Se env\u00eda por correo electr\u00f3nico el cheque regalo al comprador con un dossier y mapas tur\u00edsticos de la zona con todos los puntos de inter\u00e9s o por correo convencional con una caja regalo.<\/li>\n<li>La reserva es para 2 personas.<\/li>\n<\/ul>\n","protected":false},"excerpt":{"rendered":"<p>Cata personalizada + alojamiento en habitaci\u00f3n Deluxe + desayuno KM0<\/p>\n<ul>\n<li>Cata a medida de los mejores vinos Priorat y Montsant en nuestro espacio Terra del Priorat.<\/li>\n<li>Noche en habitaci\u00f3n deluxe.<\/li>\n<li>Desayunos con embutidos ecol\u00f3gicos, mermeladas y tortas caseras, quesos artesanos, zumos de naranja natural, huevos de gallinas criadas en libertad\u2026<\/li>\n<\/ul>\n","protected":false},"featured_media":264,"template":"","meta":{"_kad_post_transparent":"default","_kad_post_title":"","_kad_post_layout":"default","_kad_post_sidebar_id":"","_kad_post_content_style":"default","_kad_post_vertical_padding":"default","_kad_post_feature":"","_kad_post_feature_position":"","_kad_post_header":false,"_kad_post_footer":false},"product_brand":[],"product_cat":[17],"product_tag":[],"class_list":{"0":"post-263","1":"product","2":"type-product","3":"status-publish","4":"has-post-thumbnail","6":"product_cat-packs","8":"first","9":"instock","10":"virtual","11":"purchasable","12":"product-type-simple","13":"entry","14":"content-bg","15":"loop-entry"},"_links":{"self":[{"href":"https:\/\/blamark.com\/palauet\/wp-json\/wp\/v2\/product\/263","targetHints":{"allow":["GET"]}}],"collection":[{"href":"https:\/\/blamark.com\/palauet\/wp-json\/wp\/v2\/product"}],"about":[{"href":"https:\/\/blamark.com\/palauet\/wp-json\/wp\/v2\/types\/product"}],"wp:featuredmedia":[{"embeddable":true,"href":"https:\/\/blamark.com\/palauet\/wp-json\/wp\/v2\/media\/264"}],"wp:attachment":[{"href":"https:\/\/blamark.com\/palauet\/wp-json\/wp\/v2\/media?parent=263"}],"wp:term":[{"taxonomy":"product_brand","embeddable":true,"href":"https:\/\/blamark.com\/palauet\/wp-json\/wp\/v2\/product_brand?post=263"},{"taxonomy":"product_cat","embeddable":true,"href":"https:\/\/blamark.com\/palauet\/wp-json\/wp\/v2\/product_cat?post=263"},{"taxonomy":"product_tag","embeddable":true,"href":"https:\/\/blamark.com\/palauet\/wp-json\/wp\/v2\/product_tag?post=263"}],"curies":[{"name":"wp","href":"https:\/\/api.w.org\/{rel}","templated":true}]}}